
{"id":11649,"date":"2026-02-12T10:58:45","date_gmt":"2026-02-12T09:58:45","guid":{"rendered":"https:\/\/przedszkole106.edu.wroclaw.pl\/?page_id=11649"},"modified":"2026-02-12T11:22:25","modified_gmt":"2026-02-12T10:22:25","slug":"grafik-zajec-2025-2026","status":"publish","type":"page","link":"https:\/\/przedszkole106.edu.wroclaw.pl\/index.php\/grafik-zajec-2025-2026\/","title":{"rendered":"Grafik zaj\u0119\u0107 2025\/2026"},"content":{"rendered":"<div class=\"wpb-content-wrapper\"><p>[vc_row][vc_column][vc_column_text css=&#8221;&#8221;]<\/p>\n<table style=\"width: 100%; border-collapse: collapse; border-style: solid; border-color: #000000;\" border=\"1px\" cellpadding=\"20px\">\n<thead>\n<tr style=\"border-style: solid; border-color: #000000; background-color: #e3e3e3;\">\n<th style=\"width: 16.6667%; border: 2px solid #000000; height: 24px;\">&nbsp;<\/th>\n<th style=\"width: 16.6667%; border: 2px solid #000000; height: 24px;\">Poniedzia\u0142ek<\/th>\n<th style=\"width: 16.6667%; border: 2px solid #000000; height: 24px;\">Wtorek<\/th>\n<th style=\"width: 16.6667%; border: 2px solid #000000; height: 24px;\">\u015aroda<\/th>\n<th style=\"width: 16.6667%; border: 2px solid #000000; height: 24px;\">Czwartek<\/th>\n<th style=\"width: 16.6667%; height: 24px;\">Pi\u0105tek<\/th>\n<\/tr>\n<\/thead>\n<tbody>\n<tr style=\"height: 24px;\">\n<td style=\"width: 16.6667%; height: 24px; text-align: center;\">Grupa I<\/td>\n<td style=\"width: 16.6667%; height: 24px;\">8.45-9.00 religia<br \/>\n10.00-10.30 Mali wspaniali<br \/>\n9.45 -10.00 lub 13.30-13.45<br \/>\nj\u0119zyk angielski<\/td>\n<td style=\"width: 16.6667%; height: 24px;\">9.00-9.30 taniec<br \/>\n9.30-10.00 gimnastyka<\/td>\n<td style=\"width: 16.6667%; height: 24px;\">8.45-9.00 religia<br \/>\n9.00-9.30 rytmika<\/td>\n<td style=\"width: 16.6667%; height: 24px;\">9.45 -10.00 lub 13.30-13.45 j\u0119zyk angielski<br \/>\n10.00-10.30 gimnastyka<br \/>\n13.00-13.30 taniec<\/td>\n<td style=\"width: 16.6667%; height: 24px;\">&nbsp;<\/td>\n<\/tr>\n<tr style=\"height: 24px;\">\n<td style=\"width: 16.6667%; height: 24px; text-align: center;\">Grupa II<\/td>\n<td style=\"width: 16.6667%; height: 24px;\">9.00-9.15 religia<br \/>\n9.30-10.00 Mali wspaniali<br \/>\n10.00-10.15 lub 13.45-14.00<br \/>\nj\u0119zyk angielski<\/td>\n<td style=\"width: 16.6667%; height: 24px;\">10.00-10.30 taniec<br \/>\n10.30-11.00 gimnastyka<\/td>\n<td style=\"width: 16.6667%; height: 24px;\">9.00-9.15 religia<br \/>\n9.30-10.00 rytmika<\/td>\n<td style=\"width: 16.6667%; height: 24px;\">9.30-10.00 gimnastyka<br \/>\n10.00-10.15 lub 13.45-14.00 j\u0119zyk angielski<br \/>\n11.00-11.30 taniec<\/td>\n<td style=\"width: 16.6667%; height: 24px;\">&nbsp;<\/td>\n<\/tr>\n<tr style=\"height: 24px;\">\n<td style=\"width: 16.6667%; height: 24px; text-align: center;\">Grupa III<\/td>\n<td style=\"width: 16.6667%; height: 24px;\">9.00-9.30 Mali wspaniali<br \/>\n9.45-10.15 religia<br \/>\n10.15-10.45 lub 12.00-12.30<br \/>\nj\u0119zyk angielski<\/td>\n<td style=\"width: 16.6667%; height: 24px;\">9.30-10.00 taniec<br \/>\n10.00-10.30 gimnastyka<\/td>\n<td style=\"width: 16.6667%; height: 24px;\">9.15-9.45 religia<br \/>\n10.00 -10.30 rytmika<\/td>\n<td style=\"width: 16.6667%; height: 24px;\">9.00-9.30 gimnastyka<br \/>\n10.15-10.45 lub 12.00-12.30 j\u0119zyk angielski<br \/>\n11.30-12.00 taniec<\/td>\n<td style=\"width: 16.6667%; height: 24px;\">&nbsp;<\/td>\n<\/tr>\n<tr style=\"height: 24px;\">\n<td style=\"width: 16.6667%; height: 24px; text-align: center;\">Grupa IV<\/td>\n<td style=\"width: 16.6667%; height: 24px;\">8.00-8.30 Mali wspaniali<br \/>\n9.15-9.45 religia<br \/>\n10.45-11.15 lub 12.30-13.00<br \/>\nj\u0119zyk angielski<\/td>\n<td style=\"width: 16.6667%; height: 24px;\">9.00-9.30 gimnastyka<br \/>\n11.00-11.30 taniec<\/td>\n<td style=\"width: 16.6667%; height: 24px;\">9.45-10.15 religia<br \/>\n10.30-11.00 rytmika<\/td>\n<td style=\"width: 16.6667%; height: 24px;\">8.30-9.00 gimnastyka<br \/>\n10.45-11.15 lub 12.30-13.00 j\u0119zyk angielski<br \/>\n12.00-12.30 taniec<\/td>\n<td style=\"width: 16.6667%; height: 24px;\">&nbsp;<\/td>\n<\/tr>\n<tr style=\"height: 24px;\">\n<td style=\"width: 16.6667%; height: 24px; text-align: center;\">Grupa V<\/td>\n<td style=\"width: 16.6667%; height: 24px;\">08.30-9.00 Mali wspaniali<br \/>\n10.15-10. 45 religia<br \/>\n11.15-11.45 lub 13.00-13.30<br \/>\nj\u0119zyk angielski<\/td>\n<td style=\"width: 16.6667%; height: 24px;\">08.30-9.00 gimnastyka<br \/>\n10.30-11.00 taniec<\/td>\n<td style=\"width: 16.6667%; height: 24px;\">10.15-10.45 religia<br \/>\n08.30-9.00 rytmika<\/td>\n<td style=\"width: 16.6667%; height: 24px;\">10.30-11.00 gimnastyka<br \/>\n11.15-11.45 lub 13.00- 13.30 j\u0119zyk angielski<br \/>\n12.30-13.00 taniec<\/td>\n<td style=\"width: 16.6667%; height: 24px;\">&nbsp;<\/td>\n<\/tr>\n<\/tbody>\n<\/table>\n<p>[\/vc_column_text][\/vc_column][\/vc_row]<\/p>\n<\/div>","protected":false},"excerpt":{"rendered":"<p>[vc_row][vc_column][vc_column_text css=&#8221;&#8221;] &nbsp; Poniedzia\u0142ek Wtorek \u015aroda Czwartek Pi\u0105tek Grupa I 8.45-9.00 religia 10.00-10.30 Mali wspaniali 9.45 -10.00 lub 13.30-13.45 j\u0119zyk angielski 9.00-9.30 taniec 9.30-10.00 gimnastyka 8.45-9.00 religia 9.00-9.30 rytmika 9.45 [&hellip;]<\/p>\n","protected":false},"author":72,"featured_media":0,"parent":0,"menu_order":0,"comment_status":"closed","ping_status":"closed","template":"","meta":{"ngg_post_thumbnail":0,"footnotes":""},"class_list":["post-11649","page","type-page","status-publish","hentry","clearfix"],"_links":{"self":[{"href":"https:\/\/przedszkole106.edu.wroclaw.pl\/index.php\/wp-json\/wp\/v2\/pages\/11649","targetHints":{"allow":["GET"]}}],"collection":[{"href":"https:\/\/przedszkole106.edu.wroclaw.pl\/index.php\/wp-json\/wp\/v2\/pages"}],"about":[{"href":"https:\/\/przedszkole106.edu.wroclaw.pl\/index.php\/wp-json\/wp\/v2\/types\/page"}],"author":[{"embeddable":true,"href":"https:\/\/przedszkole106.edu.wroclaw.pl\/index.php\/wp-json\/wp\/v2\/users\/72"}],"replies":[{"embeddable":true,"href":"https:\/\/przedszkole106.edu.wroclaw.pl\/index.php\/wp-json\/wp\/v2\/comments?post=11649"}],"version-history":[{"count":6,"href":"https:\/\/przedszkole106.edu.wroclaw.pl\/index.php\/wp-json\/wp\/v2\/pages\/11649\/revisions"}],"predecessor-version":[{"id":11655,"href":"https:\/\/przedszkole106.edu.wroclaw.pl\/index.php\/wp-json\/wp\/v2\/pages\/11649\/revisions\/11655"}],"wp:attachment":[{"href":"https:\/\/przedszkole106.edu.wroclaw.pl\/index.php\/wp-json\/wp\/v2\/media?parent=11649"}],"curies":[{"name":"wp","href":"https:\/\/api.w.org\/{rel}","templated":true}]}}